{"id":5,"date":"2023-09-12T20:40:24","date_gmt":"2023-09-12T20:40:24","guid":{"rendered":"https:\/\/newworldstories.ch\/?page_id=5"},"modified":"2023-09-21T09:19:36","modified_gmt":"2023-09-21T09:19:36","slug":"music","status":"publish","type":"page","link":"https:\/\/newworldstories.ch\/","title":{"rendered":"New World Stories"},"content":{"rendered":"\n<p>Der Autor, Sam Pfund *1969, beabsichtigt Szenen, Eindr\u00fccke und Emotionen in Klangsprache zu \u00fcbersetzen. Die in der Musik erz\u00e4hlten Geschichten sollen den H\u00f6rer mit auf eine spannende Reise nehmen.<\/p>\n","protected":false},"excerpt":{"rendered":"<p>Der Autor, Sam Pfund *1969, beabsichtigt Szenen, Eindr\u00fccke und Emotionen in Klangsprache zu \u00fcbersetzen. Die in der Musik erz\u00e4hlten Geschichten sollen den H\u00f6rer mit auf eine spannende Reise nehmen.<\/p>\n","protected":false},"author":1,"featured_media":26,"parent":0,"menu_order":0,"comment_status":"closed","ping_status":"closed","template":"","meta":{"footnotes":""},"_links":{"self":[{"href":"https:\/\/newworldstories.ch\/index.php?rest_route=\/wp\/v2\/pages\/5"}],"collection":[{"href":"https:\/\/newworldstories.ch\/index.php?rest_route=\/wp\/v2\/pages"}],"about":[{"href":"https:\/\/newworldstories.ch\/index.php?rest_route=\/wp\/v2\/types\/page"}],"author":[{"embeddable":true,"href":"https:\/\/newworldstories.ch\/index.php?rest_route=\/wp\/v2\/users\/1"}],"replies":[{"embeddable":true,"href":"https:\/\/newworldstories.ch\/index.php?rest_route=%2Fwp%2Fv2%2Fcomments&post=5"}],"version-history":[{"count":6,"href":"https:\/\/newworldstories.ch\/index.php?rest_route=\/wp\/v2\/pages\/5\/revisions"}],"predecessor-version":[{"id":111,"href":"https:\/\/newworldstories.ch\/index.php?rest_route=\/wp\/v2\/pages\/5\/revisions\/111"}],"wp:featuredmedia":[{"embeddable":true,"href":"https:\/\/newworldstories.ch\/index.php?rest_route=\/wp\/v2\/media\/26"}],"wp:attachment":[{"href":"https:\/\/newworldstories.ch\/index.php?rest_route=%2Fwp%2Fv2%2Fmedia&parent=5"}],"curies":[{"name":"wp","href":"https:\/\/api.w.org\/{rel}","templated":true}]}}