{"id":9,"date":"2023-09-13T05:49:53","date_gmt":"2023-09-13T05:49:53","guid":{"rendered":"https:\/\/newworldstories.ch\/?page_id=9"},"modified":"2023-09-21T12:05:36","modified_gmt":"2023-09-21T12:05:36","slug":"media","status":"publish","type":"page","link":"https:\/\/newworldstories.ch\/?page_id=9","title":{"rendered":"Kompositionen"},"content":{"rendered":"\n<div style=\"height:100px\" aria-hidden=\"true\" class=\"wp-block-spacer\"><\/div>\n\n\n\n<h3 class=\"wp-block-heading\"><strong>Not On Bread Alone<\/strong><\/h3>\n\n\n<div class=\"wp-block-image\">\n<figure class=\"aligncenter size-full is-resized\"><img decoding=\"async\" loading=\"lazy\" src=\"https:\/\/newworldstories.ch\/wp-content\/uploads\/2023\/09\/IMG_5082-removebg-preview.png\" alt=\"\" class=\"wp-image-107\" style=\"width:314px;height:236px\" width=\"314\" height=\"236\" srcset=\"https:\/\/newworldstories.ch\/wp-content\/uploads\/2023\/09\/IMG_5082-removebg-preview.png 577w, https:\/\/newworldstories.ch\/wp-content\/uploads\/2023\/09\/IMG_5082-removebg-preview-300x225.png 300w\" sizes=\"(max-width: 314px) 100vw, 314px\" \/><\/figure><\/div>\n\n\n<p>Das St\u00fcck ist eine Vertonung der Bibelverse aus dem Matth\u00e4usevangelium 4.4. Die gewaltige Aussage: &#8222;Der Mensch lebt nicht vom Brot allein, sondern auch von jedem Wort, das aus dem Munde Gottes kommt.&#8220; ist die erste Jesusantwort auf die Versuchungen des Teufels in der W\u00fcste.<br>Vocals: Tracey Jane Campell<\/p>\n\n\n\n<p class=\"has-text-align-center\">\u00a9 2016<\/p>\n\n\n\n<figure class=\"wp-block-audio\"><audio controls src=\"https:\/\/newworldstories.ch\/wp-content\/uploads\/2023\/09\/Not-On-Bread-Alone-V9.mp3\"><\/audio><\/figure>\n\n\n\n<div style=\"height:100px\" aria-hidden=\"true\" class=\"wp-block-spacer\"><\/div>\n\n\n\n<h3 class=\"wp-block-heading\"><strong>Psalm 42<\/strong><\/h3>\n\n\n<div class=\"wp-block-image\">\n<figure class=\"aligncenter size-full is-resized\"><img decoding=\"async\" loading=\"lazy\" src=\"https:\/\/newworldstories.ch\/wp-content\/uploads\/2023\/09\/hirsch-schwarz-removebg-preview.png\" alt=\"\" class=\"wp-image-108\" style=\"width:291px;height:349px\" width=\"291\" height=\"349\" srcset=\"https:\/\/newworldstories.ch\/wp-content\/uploads\/2023\/09\/hirsch-schwarz-removebg-preview.png 456w, https:\/\/newworldstories.ch\/wp-content\/uploads\/2023\/09\/hirsch-schwarz-removebg-preview-250x300.png 250w\" sizes=\"(max-width: 291px) 100vw, 291px\" \/><\/figure><\/div>\n\n\n<p>Das St\u00fcck vertont den ber\u00fchmten Psalm: &#8222;Wie der Hirsch nach frischem Wasser lechzt, so verlangt meine Seele nach dir mein Gott.&#8220; ganz und wortgetreu. Ziel war es, die darin empfundenen Emotionen musikalisch wiederzugeben. <br>Vocals: David Z\u00fcrcher<br>Piano: Monika Nagy<\/p>\n\n\n\n<p class=\"has-text-align-center\">\u00a9 2020<\/p>\n\n\n\n<figure class=\"wp-block-audio\"><audio controls src=\"https:\/\/newworldstories.ch\/wp-content\/uploads\/2023\/09\/psalm-42-mix2.mp3\"><\/audio><\/figure>\n\n\n\n<div style=\"height:100px\" aria-hidden=\"true\" class=\"wp-block-spacer\"><\/div>\n\n\n\n<h3 class=\"wp-block-heading\"><strong>Papa&#8217;s Funk<\/strong><\/h3>\n\n\n<div class=\"wp-block-image\">\n<figure class=\"aligncenter size-full is-resized\"><img decoding=\"async\" loading=\"lazy\" src=\"https:\/\/newworldstories.ch\/wp-content\/uploads\/2023\/09\/IMG_5056-removebg-preview.png\" alt=\"\" class=\"wp-image-86\" style=\"width:397px;height:298px\" width=\"397\" height=\"298\" srcset=\"https:\/\/newworldstories.ch\/wp-content\/uploads\/2023\/09\/IMG_5056-removebg-preview.png 577w, https:\/\/newworldstories.ch\/wp-content\/uploads\/2023\/09\/IMG_5056-removebg-preview-300x225.png 300w\" sizes=\"(max-width: 397px) 100vw, 397px\" \/><\/figure><\/div>\n\n\n<p>Anlass f\u00fcr dieses St\u00fcck ist die Trauerfeier meines Vaters Karl Pfund. Mit den funkigen Grooves soll die Lebensfreude zum Ausdruck gebracht werden, w\u00e4hrend reibende Harmonien das Unverst\u00e4ndliche dieses Daseins des Schmerzes und des Todes andeuten. In einem St\u00fcck vereint sollen sie aber zusammen agieren. Als Erinnerung an den Herrn Oberst wurden alle perkussiven Sounds seiner Offizierskiste entlockt. <br>Das St\u00fcck befindet sich auf der Produktion von <a href=\"https:\/\/j\u00fcrgbernet.ch\">J\u00fcrg Bernet<\/a>, wo eingebettet in Grooveparts, weitere \u00dcberraschungen h\u00f6rbereit sind.<br>Gitarren, Programming: Sam Pfund<br>Sax: Roland Brechb\u00fchl<br>Organ: J\u00fcrg Bernet<br><\/p>\n\n\n\n<p class=\"has-text-align-center\">\u00a9 2018<\/p>\n\n\n\n<figure class=\"wp-block-audio\"><audio controls src=\"https:\/\/newworldstories.ch\/wp-content\/uploads\/2023\/09\/06-Titel-06-Papas-Funk.mp3\"><\/audio><\/figure>\n\n\n\n<div style=\"height:100px\" aria-hidden=\"true\" class=\"wp-block-spacer\"><\/div>\n\n\n\n<h3 class=\"wp-block-heading\"><strong>Intervalls in Progress<\/strong><\/h3>\n\n\n<div class=\"wp-block-image\">\n<figure class=\"aligncenter size-full is-resized\"><img decoding=\"async\" loading=\"lazy\" src=\"https:\/\/newworldstories.ch\/wp-content\/uploads\/2023\/09\/Compositionsuebung_Intervalle_A\u00bcberlagern_Bild-removebg-preview.png\" alt=\"\" class=\"wp-image-101\" style=\"width:441px;height:249px\" width=\"441\" height=\"249\"\/><\/figure><\/div>\n\n\n<p>Die Kompositionsweise dieses St\u00fccks basiert auf der Verschiebung zweier Intervalle. Diese Vorgehensweise soll vom Komponieren mit einem Harmoniekonzept, basierend auf Dreikl\u00e4ngen, befreien.<br>Piano: Monika Nagy<\/p>\n\n\n\n<p class=\"has-text-align-center\">\u00a9 2023<\/p>\n\n\n\n<figure class=\"wp-block-audio\"><audio controls src=\"https:\/\/newworldstories.ch\/wp-content\/uploads\/2023\/09\/Intervalls-in-Progress.mp3\"><\/audio><\/figure>\n\n\n\n<div style=\"height:100px\" aria-hidden=\"true\" class=\"wp-block-spacer\"><\/div>\n\n\n\n<h3 class=\"wp-block-heading\"><strong>Scheri_Stei_Papier<\/strong><\/h3>\n\n\n<div class=\"wp-block-image\">\n<figure class=\"alignleft size-large is-resized\"><img decoding=\"async\" loading=\"lazy\" src=\"https:\/\/newworldstories.ch\/wp-content\/uploads\/2023\/09\/IMG_5060-removebg-2-768x1024.png\" alt=\"\" class=\"wp-image-95\" style=\"width:176px;height:234px\" width=\"176\" height=\"234\" srcset=\"https:\/\/newworldstories.ch\/wp-content\/uploads\/2023\/09\/IMG_5060-removebg-2-768x1024.png 768w, https:\/\/newworldstories.ch\/wp-content\/uploads\/2023\/09\/IMG_5060-removebg-2-225x300.png 225w, https:\/\/newworldstories.ch\/wp-content\/uploads\/2023\/09\/IMG_5060-removebg-2-1152x1536.png 1152w, https:\/\/newworldstories.ch\/wp-content\/uploads\/2023\/09\/IMG_5060-removebg-2-1536x2048.png 1536w, https:\/\/newworldstories.ch\/wp-content\/uploads\/2023\/09\/IMG_5060-removebg-2-1568x2091.png 1568w\" sizes=\"(max-width: 176px) 100vw, 176px\" \/><\/figure><\/div>\n\n<div class=\"wp-block-image\">\n<figure class=\"alignright size-full is-resized\"><img decoding=\"async\" loading=\"lazy\" src=\"https:\/\/newworldstories.ch\/wp-content\/uploads\/2023\/09\/IMG_5068-removebg-preview-2.png\" alt=\"\" class=\"wp-image-97\" style=\"width:158px;height:210px\" width=\"158\" height=\"210\" srcset=\"https:\/\/newworldstories.ch\/wp-content\/uploads\/2023\/09\/IMG_5068-removebg-preview-2.png 433w, https:\/\/newworldstories.ch\/wp-content\/uploads\/2023\/09\/IMG_5068-removebg-preview-2-225x300.png 225w\" sizes=\"(max-width: 158px) 100vw, 158px\" \/><\/figure><\/div>\n\n<div class=\"wp-block-image\">\n<figure class=\"aligncenter size-full is-resized\"><img decoding=\"async\" loading=\"lazy\" src=\"https:\/\/newworldstories.ch\/wp-content\/uploads\/2023\/09\/IMG_5058-removebg-preview-1.png\" alt=\"\" class=\"wp-image-96\" style=\"width:168px;height:224px\" width=\"168\" height=\"224\" srcset=\"https:\/\/newworldstories.ch\/wp-content\/uploads\/2023\/09\/IMG_5058-removebg-preview-1.png 433w, https:\/\/newworldstories.ch\/wp-content\/uploads\/2023\/09\/IMG_5058-removebg-preview-1-225x300.png 225w\" sizes=\"(max-width: 168px) 100vw, 168px\" \/><\/figure><\/div>\n\n\n<p>&#8222;Schere Stein Papier&#8220;, ein simples Kinderspiel, wird gebraucht um im Alltag Dinge zu regeln. Die Komposition basiert auf dem von den Spielenden gesungenen Motiv, welches aus Tonwiederholungen und dem Quartsprung besteht. Die perkussiven Sounds sind aus Schere, Stein und Papier generiert.<\/p>\n\n\n\n<p class=\"has-text-align-center\">\u00a9 2021<\/p>\n\n\n\n<figure class=\"wp-block-audio\"><audio controls src=\"https:\/\/newworldstories.ch\/wp-content\/uploads\/2023\/09\/SchStPap-Mix9-July2023.mp3\"><\/audio><\/figure>\n\n\n\n<div class=\"wp-block-file\"><object class=\"wp-block-file__embed\" data=\"https:\/\/newworldstories.ch\/wp-content\/uploads\/2023\/09\/ScheriSteiPapier.pdf\" type=\"application\/pdf\" style=\"width:100%;height:600px\" aria-label=\"Einbettung von ScheriSteiPapier.\"><\/object><a id=\"wp-block-file--media-3946a7d3-9763-4d7c-9dcd-d4204e4c0d7c\" href=\"https:\/\/newworldstories.ch\/wp-content\/uploads\/2023\/09\/ScheriSteiPapier.pdf\">ScheriSteiPapier<\/a><a href=\"https:\/\/newworldstories.ch\/wp-content\/uploads\/2023\/09\/ScheriSteiPapier.pdf\" class=\"wp-block-file__button wp-element-button\" download aria-describedby=\"wp-block-file--media-3946a7d3-9763-4d7c-9dcd-d4204e4c0d7c\">Herunterladen<\/a><\/div>\n\n\n\n<div style=\"height:100px\" aria-hidden=\"true\" class=\"wp-block-spacer\"><\/div>\n\n\n\n<h3 class=\"wp-block-heading\"><strong>Spinne<\/strong><\/h3>\n\n\n<div class=\"wp-block-image\">\n<figure class=\"aligncenter size-full is-resized\"><img decoding=\"async\" loading=\"lazy\" src=\"https:\/\/newworldstories.ch\/wp-content\/uploads\/2023\/09\/vektor-spinne-im-netz-101407689.png\" alt=\"\" class=\"wp-image-38\" style=\"width:200px;height:207px\" width=\"200\" height=\"207\" srcset=\"https:\/\/newworldstories.ch\/wp-content\/uploads\/2023\/09\/vektor-spinne-im-netz-101407689.png 576w, https:\/\/newworldstories.ch\/wp-content\/uploads\/2023\/09\/vektor-spinne-im-netz-101407689-290x300.png 290w\" sizes=\"(max-width: 200px) 100vw, 200px\" \/><\/figure><\/div>\n\n\n<p>Die Komposition soll darstellen, wie die Spinne ein Netz baut, um darin eine Fliege zu fangen.  Spinne und Netz werden mit elektronischen Instrumenten erzeugt. Die Fliegensounds bedienen sich Audioaufnahmen von echten Fliegen, die im Sampler zu einem chromatischen Instrument zusammengebaut werden. Die Umgebungger\u00e4usche stammen auch aus Audioaufnahmen in der Natur.<\/p>\n\n\n\n<p class=\"has-text-align-center\">\u00a9 2023<\/p>\n\n\n\n<h5 class=\"wp-block-heading\">Spinne Teil 1 &#8211; Netzbau<\/h5>\n\n\n\n<figure class=\"wp-block-audio\"><audio controls src=\"https:\/\/newworldstories.ch\/wp-content\/uploads\/2023\/09\/Spinne1-Netzbau.mp3\"><\/audio><\/figure>\n\n\n\n<div class=\"wp-block-file\"><object class=\"wp-block-file__embed\" data=\"https:\/\/newworldstories.ch\/wp-content\/uploads\/2023\/09\/Spinne1-Netzbau.pdf\" type=\"application\/pdf\" style=\"width:100%;height:600px\" aria-label=\"Einbettung von Spinne1-Netzbau.\"><\/object><a id=\"wp-block-file--media-489160ff-5816-4eee-bf4b-06f8cf3f938d\" href=\"https:\/\/newworldstories.ch\/wp-content\/uploads\/2023\/09\/Spinne1-Netzbau.pdf\">Spinne1-Netzbau<\/a><a href=\"https:\/\/newworldstories.ch\/wp-content\/uploads\/2023\/09\/Spinne1-Netzbau.pdf\" class=\"wp-block-file__button wp-element-button\" download aria-describedby=\"wp-block-file--media-489160ff-5816-4eee-bf4b-06f8cf3f938d\">Herunterladen<\/a><\/div>\n\n\n\n<h5 class=\"wp-block-heading\">Spinne Teil 2 &#8211; Fliegenfang<\/h5>\n\n\n\n<figure class=\"wp-block-video\"><video controls src=\"https:\/\/newworldstories.ch\/wp-content\/uploads\/2023\/09\/Spinne-Teil2-Fliegenfang-mQ.mp4\"><\/video><\/figure>\n\n\n\n<div style=\"height:100px\" aria-hidden=\"true\" class=\"wp-block-spacer\"><\/div>\n\n\n\n<h3 class=\"wp-block-heading\"><strong>Intimsph\u00e4re<\/strong><\/h3>\n\n\n<div class=\"wp-block-image\">\n<figure class=\"aligncenter size-full is-resized\"><img decoding=\"async\" loading=\"lazy\" src=\"https:\/\/newworldstories.ch\/wp-content\/uploads\/2023\/09\/IMG_5053-removebg-preview.png\" alt=\"\" class=\"wp-image-98\" style=\"width:265px;height:353px\" width=\"265\" height=\"353\" srcset=\"https:\/\/newworldstories.ch\/wp-content\/uploads\/2023\/09\/IMG_5053-removebg-preview.png 433w, https:\/\/newworldstories.ch\/wp-content\/uploads\/2023\/09\/IMG_5053-removebg-preview-225x300.png 225w\" sizes=\"(max-width: 265px) 100vw, 265px\" \/><\/figure><\/div>\n\n\n<p>Spannung und erl\u00f6sende Gef\u00fchle am stillen \u00d6rtchen erklingen in dieser Komposition f\u00fcr Gitarre, Bass und Umgebungsger\u00e4usche.<\/p>\n\n\n\n<p class=\"has-text-align-center\">\u00a9 2020<\/p>\n\n\n\n<figure class=\"wp-block-audio\"><audio controls src=\"https:\/\/newworldstories.ch\/wp-content\/uploads\/2023\/09\/Intimsphaere-V13.mp3\"><\/audio><\/figure>\n\n\n\n<div class=\"wp-block-file\"><object class=\"wp-block-file__embed\" data=\"https:\/\/newworldstories.ch\/wp-content\/uploads\/2023\/09\/Intimsphaere-Juli-2020.pdf\" type=\"application\/pdf\" style=\"width:100%;height:600px\" aria-label=\"Einbettung von Intimsphaere-Juli-2020.\"><\/object><a id=\"wp-block-file--media-a105f99c-f375-42ef-bb81-813063448565\" href=\"https:\/\/newworldstories.ch\/wp-content\/uploads\/2023\/09\/Intimsphaere-Juli-2020.pdf\">Intimsphaere-Juli-2020<\/a><a href=\"https:\/\/newworldstories.ch\/wp-content\/uploads\/2023\/09\/Intimsphaere-Juli-2020.pdf\" class=\"wp-block-file__button wp-element-button\" download aria-describedby=\"wp-block-file--media-a105f99c-f375-42ef-bb81-813063448565\">Herunterladen<\/a><\/div>\n\n\n\n<div style=\"height:100px\" aria-hidden=\"true\" class=\"wp-block-spacer\"><\/div>\n\n\n\n<h3 class=\"wp-block-heading\"><strong>No-Mo 7<\/strong><\/h3>\n\n\n<div class=\"wp-block-image\">\n<figure class=\"aligncenter size-full\"><img decoding=\"async\" loading=\"lazy\" width=\"454\" height=\"268\" src=\"https:\/\/newworldstories.ch\/wp-content\/uploads\/2023\/09\/image.jpeg\" alt=\"\" class=\"wp-image-14\" srcset=\"https:\/\/newworldstories.ch\/wp-content\/uploads\/2023\/09\/image.jpeg 454w, https:\/\/newworldstories.ch\/wp-content\/uploads\/2023\/09\/image-300x177.jpeg 300w\" sizes=\"(max-width: 454px) 100vw, 454px\" \/><\/figure><\/div>\n\n\n<p>Eine Bildkomposition als Pr\u00fcfungsst\u00fcck f\u00fcr die HKB. Durch ein auf die Bildvorgabe gelegtes Raster wurden in vertikaler Richtung Intervalle und auf horizontaler Ebene eine Tondauer ermittelt. So konnten aus den einzelnen Linien des Bildes Motive generiert werden. Im Musikprogramm habe ich sie dann einerseits entsprechend ihrer Position im Bild platziert und nach erstmaligen Auftreten auch frei variiert und wiederholt. Die Synthesizer Sounds sind mit dem Ableton Wavetable erzeugt und die Effektsounds mit einem Behringer Neutron.<\/p>\n\n\n\n<p class=\"has-text-align-center\">\u00a9 2023<\/p>\n\n\n\n<figure class=\"wp-block-audio\"><audio controls src=\"https:\/\/newworldstories.ch\/wp-content\/uploads\/2023\/09\/No-Mo7-HKB-2023-V7.mp3\"><\/audio><\/figure>\n","protected":false},"excerpt":{"rendered":"<p>Not On Bread Alone Das St\u00fcck ist eine Vertonung der Bibelverse aus dem Matth\u00e4usevangelium 4.4. Die gewaltige Aussage: &#8222;Der Mensch lebt nicht vom Brot allein, sondern auch von jedem Wort, das aus dem Munde Gottes kommt.&#8220; ist die erste Jesusantwort auf die Versuchungen des Teufels in der W\u00fcste.Vocals: Tracey Jane Campell \u00a9 2016 Psalm 42&hellip; <a class=\"more-link\" href=\"https:\/\/newworldstories.ch\/?page_id=9\"><span class=\"screen-reader-text\">Kompositionen<\/span> weiterlesen<\/a><\/p>\n","protected":false},"author":1,"featured_media":0,"parent":0,"menu_order":0,"comment_status":"closed","ping_status":"closed","template":"","meta":{"footnotes":""},"_links":{"self":[{"href":"https:\/\/newworldstories.ch\/index.php?rest_route=\/wp\/v2\/pages\/9"}],"collection":[{"href":"https:\/\/newworldstories.ch\/index.php?rest_route=\/wp\/v2\/pages"}],"about":[{"href":"https:\/\/newworldstories.ch\/index.php?rest_route=\/wp\/v2\/types\/page"}],"author":[{"embeddable":true,"href":"https:\/\/newworldstories.ch\/index.php?rest_route=\/wp\/v2\/users\/1"}],"replies":[{"embeddable":true,"href":"https:\/\/newworldstories.ch\/index.php?rest_route=%2Fwp%2Fv2%2Fcomments&post=9"}],"version-history":[{"count":53,"href":"https:\/\/newworldstories.ch\/index.php?rest_route=\/wp\/v2\/pages\/9\/revisions"}],"predecessor-version":[{"id":135,"href":"https:\/\/newworldstories.ch\/index.php?rest_route=\/wp\/v2\/pages\/9\/revisions\/135"}],"wp:attachment":[{"href":"https:\/\/newworldstories.ch\/index.php?rest_route=%2Fwp%2Fv2%2Fmedia&parent=9"}],"curies":[{"name":"wp","href":"https:\/\/api.w.org\/{rel}","templated":true}]}}